{"id":89,"date":"2021-09-15T16:50:51","date_gmt":"2021-09-15T14:50:51","guid":{"rendered":"https:\/\/der-bussard.de\/fr\/?page_id=89"},"modified":"2025-07-25T15:12:10","modified_gmt":"2025-07-25T13:12:10","slug":"mentions-legales","status":"publish","type":"page","link":"https:\/\/der-bussard.de\/fr\/mentions-legales\/","title":{"rendered":"Mentions l\u00e9gales"},"content":{"rendered":"\n<h5 class=\"wp-block-heading\">Nom<\/h5>\n\n\n\n<p>Simon Tritschler<\/p>\n\n\n\n<h5 class=\"wp-block-heading\">Adresse <\/h5>\n\n\n\n<p>Ludwigstr. 20<br>67678 Mehlingen<br>Allemagne <\/p>\n\n\n\n<h5 class=\"wp-block-heading\">Adresse e-mail<\/h5>\n\n\n\n<p>info@der-bussard.de<\/p>\n\n\n\n<h5 class=\"wp-block-heading\">T\u00e9l\u00e9phone <\/h5>\n\n\n\n<p>+49 1575 2444667<\/p>\n\n\n\n<h5 class=\"wp-block-heading\">Responsable du contenu conform\u00e9ment \u00e0 l&rsquo;article 55, paragraphe 2, du RStV.<\/h5>\n\n\n\n<p>Simon Tritschler<br>Ludwigstr. 20<br>67678 Mehlingen<br>Allemagne<\/p>\n","protected":false},"excerpt":{"rendered":"<p>Nom Simon Tritschler Adresse Ludwigstr. 2067678 MehlingenAllemagne Adresse e-mail info@der-bussard.de T\u00e9l\u00e9phone +49 1575 2444667 Responsable du contenu conform\u00e9ment \u00e0 l&rsquo;article 55, paragraphe 2, du RStV. &#8230;<\/p>\n","protected":false},"author":1,"featured_media":309,"parent":0,"menu_order":0,"comment_status":"closed","ping_status":"closed","template":"","meta":{"footnotes":""},"class_list":["post-89","page","type-page","status-publish","has-post-thumbnail","hentry"],"yoast_head":"<!-- This site is optimized with the Yoast SEO plugin v27.2 - https:\/\/yoast.com\/product\/yoast-seo-wordpress\/ -->\n<title>Mentions l\u00e9gales &#8211; Der Bussard | FR<\/title>\n<meta name=\"robots\" content=\"index, follow, max-snippet:-1, max-image-preview:large, max-video-preview:-1\" \/>\n<link rel=\"canonical\" href=\"https:\/\/der-bussard.de\/fr\/mentions-legales\/\" \/>\n<meta property=\"og:locale\" content=\"fr_FR\" \/>\n<meta property=\"og:type\" content=\"article\" \/>\n<meta property=\"og:title\" content=\"Mentions l\u00e9gales &#8211; Der Bussard | FR\" \/>\n<meta property=\"og:description\" content=\"Nom Simon Tritschler Adresse Ludwigstr. 2067678 MehlingenAllemagne Adresse e-mail info@der-bussard.de T\u00e9l\u00e9phone +49 1575 2444667 Responsable du contenu conform\u00e9ment \u00e0 l&rsquo;article 55, paragraphe 2, du RStV. ...\" \/>\n<meta property=\"og:url\" content=\"https:\/\/der-bussard.de\/fr\/mentions-legales\/\" \/>\n<meta property=\"og:site_name\" content=\"Der Bussard | FR\" \/>\n<meta property=\"article:modified_time\" content=\"2025-07-25T13:12:10+00:00\" \/>\n<meta property=\"og:image\" content=\"https:\/\/der-bussard.de\/fr\/wp-content\/uploads\/sites\/3\/2022\/04\/CSC_0870-scaled.jpg\" \/>\n\t<meta property=\"og:image:width\" content=\"2560\" \/>\n\t<meta property=\"og:image:height\" content=\"1700\" \/>\n\t<meta property=\"og:image:type\" content=\"image\/jpeg\" \/>\n<meta name=\"twitter:card\" content=\"summary_large_image\" \/>\n<meta name=\"twitter:label1\" content=\"Dur\u00e9e de lecture estim\u00e9e\" \/>\n\t<meta name=\"twitter:data1\" content=\"1 minute\" \/>\n<script type=\"application\/ld+json\" class=\"yoast-schema-graph\">{\"@context\":\"https:\/\/schema.org\",\"@graph\":[{\"@type\":\"WebPage\",\"@id\":\"https:\/\/der-bussard.de\/fr\/mentions-legales\/\",\"url\":\"https:\/\/der-bussard.de\/fr\/mentions-legales\/\",\"name\":\"Mentions l\u00e9gales &#8211; Der Bussard | FR\",\"isPartOf\":{\"@id\":\"https:\/\/der-bussard.de\/fr\/#website\"},\"primaryImageOfPage\":{\"@id\":\"https:\/\/der-bussard.de\/fr\/mentions-legales\/#primaryimage\"},\"image\":{\"@id\":\"https:\/\/der-bussard.de\/fr\/mentions-legales\/#primaryimage\"},\"thumbnailUrl\":\"https:\/\/der-bussard.de\/fr\/wp-content\/uploads\/sites\/3\/2022\/04\/CSC_0870-scaled.jpg\",\"datePublished\":\"2021-09-15T14:50:51+00:00\",\"dateModified\":\"2025-07-25T13:12:10+00:00\",\"breadcrumb\":{\"@id\":\"https:\/\/der-bussard.de\/fr\/mentions-legales\/#breadcrumb\"},\"inLanguage\":\"fr-FR\",\"potentialAction\":[{\"@type\":\"ReadAction\",\"target\":[\"https:\/\/der-bussard.de\/fr\/mentions-legales\/\"]}]},{\"@type\":\"ImageObject\",\"inLanguage\":\"fr-FR\",\"@id\":\"https:\/\/der-bussard.de\/fr\/mentions-legales\/#primaryimage\",\"url\":\"https:\/\/der-bussard.de\/fr\/wp-content\/uploads\/sites\/3\/2022\/04\/CSC_0870-scaled.jpg\",\"contentUrl\":\"https:\/\/der-bussard.de\/fr\/wp-content\/uploads\/sites\/3\/2022\/04\/CSC_0870-scaled.jpg\",\"width\":2560,\"height\":1700},{\"@type\":\"BreadcrumbList\",\"@id\":\"https:\/\/der-bussard.de\/fr\/mentions-legales\/#breadcrumb\",\"itemListElement\":[{\"@type\":\"ListItem\",\"position\":1,\"name\":\"Page d'accueil\",\"item\":\"https:\/\/der-bussard.de\/fr\/\"},{\"@type\":\"ListItem\",\"position\":2,\"name\":\"Mentions l\u00e9gales\"}]},{\"@type\":\"WebSite\",\"@id\":\"https:\/\/der-bussard.de\/fr\/#website\",\"url\":\"https:\/\/der-bussard.de\/fr\/\",\"name\":\"Der Bussard | FR \u2013 L'oasis de la culture\",\"description\":\"L&#039;oasis de la culture\",\"publisher\":{\"@id\":\"https:\/\/der-bussard.de\/fr\/#organization\"},\"alternateName\":\"Der Bussard | FR\",\"potentialAction\":[{\"@type\":\"SearchAction\",\"target\":{\"@type\":\"EntryPoint\",\"urlTemplate\":\"https:\/\/der-bussard.de\/fr\/?s={search_term_string}\"},\"query-input\":{\"@type\":\"PropertyValueSpecification\",\"valueRequired\":true,\"valueName\":\"search_term_string\"}}],\"inLanguage\":\"fr-FR\"},{\"@type\":\"Organization\",\"@id\":\"https:\/\/der-bussard.de\/fr\/#organization\",\"name\":\"Der Bussard | FR \u2013 L'oasis de la culture\",\"url\":\"https:\/\/der-bussard.de\/fr\/\",\"logo\":{\"@type\":\"ImageObject\",\"inLanguage\":\"fr-FR\",\"@id\":\"https:\/\/der-bussard.de\/fr\/#\/schema\/logo\/image\/\",\"url\":\"https:\/\/der-bussard.de\/fr\/wp-content\/uploads\/sites\/3\/2021\/11\/neueslogo-der-bussard.png\",\"contentUrl\":\"https:\/\/der-bussard.de\/fr\/wp-content\/uploads\/sites\/3\/2021\/11\/neueslogo-der-bussard.png\",\"width\":2480,\"height\":876,\"caption\":\"Der Bussard | FR \u2013 L'oasis de la culture\"},\"image\":{\"@id\":\"https:\/\/der-bussard.de\/fr\/#\/schema\/logo\/image\/\"}}]}<\/script>\n<!-- \/ Yoast SEO plugin. -->","yoast_head_json":{"title":"Mentions l\u00e9gales &#8211; Der Bussard | FR","robots":{"index":"index","follow":"follow","max-snippet":"max-snippet:-1","max-image-preview":"max-image-preview:large","max-video-preview":"max-video-preview:-1"},"canonical":"https:\/\/der-bussard.de\/fr\/mentions-legales\/","og_locale":"fr_FR","og_type":"article","og_title":"Mentions l\u00e9gales &#8211; Der Bussard | FR","og_description":"Nom Simon Tritschler Adresse Ludwigstr. 2067678 MehlingenAllemagne Adresse e-mail info@der-bussard.de T\u00e9l\u00e9phone +49 1575 2444667 Responsable du contenu conform\u00e9ment \u00e0 l&rsquo;article 55, paragraphe 2, du RStV. ...","og_url":"https:\/\/der-bussard.de\/fr\/mentions-legales\/","og_site_name":"Der Bussard | FR","article_modified_time":"2025-07-25T13:12:10+00:00","og_image":[{"width":2560,"height":1700,"url":"https:\/\/der-bussard.de\/fr\/wp-content\/uploads\/sites\/3\/2022\/04\/CSC_0870-scaled.jpg","type":"image\/jpeg"}],"twitter_card":"summary_large_image","twitter_misc":{"Dur\u00e9e de lecture estim\u00e9e":"1 minute"},"schema":{"@context":"https:\/\/schema.org","@graph":[{"@type":"WebPage","@id":"https:\/\/der-bussard.de\/fr\/mentions-legales\/","url":"https:\/\/der-bussard.de\/fr\/mentions-legales\/","name":"Mentions l\u00e9gales &#8211; Der Bussard | FR","isPartOf":{"@id":"https:\/\/der-bussard.de\/fr\/#website"},"primaryImageOfPage":{"@id":"https:\/\/der-bussard.de\/fr\/mentions-legales\/#primaryimage"},"image":{"@id":"https:\/\/der-bussard.de\/fr\/mentions-legales\/#primaryimage"},"thumbnailUrl":"https:\/\/der-bussard.de\/fr\/wp-content\/uploads\/sites\/3\/2022\/04\/CSC_0870-scaled.jpg","datePublished":"2021-09-15T14:50:51+00:00","dateModified":"2025-07-25T13:12:10+00:00","breadcrumb":{"@id":"https:\/\/der-bussard.de\/fr\/mentions-legales\/#breadcrumb"},"inLanguage":"fr-FR","potentialAction":[{"@type":"ReadAction","target":["https:\/\/der-bussard.de\/fr\/mentions-legales\/"]}]},{"@type":"ImageObject","inLanguage":"fr-FR","@id":"https:\/\/der-bussard.de\/fr\/mentions-legales\/#primaryimage","url":"https:\/\/der-bussard.de\/fr\/wp-content\/uploads\/sites\/3\/2022\/04\/CSC_0870-scaled.jpg","contentUrl":"https:\/\/der-bussard.de\/fr\/wp-content\/uploads\/sites\/3\/2022\/04\/CSC_0870-scaled.jpg","width":2560,"height":1700},{"@type":"BreadcrumbList","@id":"https:\/\/der-bussard.de\/fr\/mentions-legales\/#breadcrumb","itemListElement":[{"@type":"ListItem","position":1,"name":"Page d'accueil","item":"https:\/\/der-bussard.de\/fr\/"},{"@type":"ListItem","position":2,"name":"Mentions l\u00e9gales"}]},{"@type":"WebSite","@id":"https:\/\/der-bussard.de\/fr\/#website","url":"https:\/\/der-bussard.de\/fr\/","name":"Der Bussard | FR \u2013 L'oasis de la culture","description":"L&#039;oasis de la culture","publisher":{"@id":"https:\/\/der-bussard.de\/fr\/#organization"},"alternateName":"Der Bussard | FR","potentialAction":[{"@type":"SearchAction","target":{"@type":"EntryPoint","urlTemplate":"https:\/\/der-bussard.de\/fr\/?s={search_term_string}"},"query-input":{"@type":"PropertyValueSpecification","valueRequired":true,"valueName":"search_term_string"}}],"inLanguage":"fr-FR"},{"@type":"Organization","@id":"https:\/\/der-bussard.de\/fr\/#organization","name":"Der Bussard | FR \u2013 L'oasis de la culture","url":"https:\/\/der-bussard.de\/fr\/","logo":{"@type":"ImageObject","inLanguage":"fr-FR","@id":"https:\/\/der-bussard.de\/fr\/#\/schema\/logo\/image\/","url":"https:\/\/der-bussard.de\/fr\/wp-content\/uploads\/sites\/3\/2021\/11\/neueslogo-der-bussard.png","contentUrl":"https:\/\/der-bussard.de\/fr\/wp-content\/uploads\/sites\/3\/2021\/11\/neueslogo-der-bussard.png","width":2480,"height":876,"caption":"Der Bussard | FR \u2013 L'oasis de la culture"},"image":{"@id":"https:\/\/der-bussard.de\/fr\/#\/schema\/logo\/image\/"}}]}},"_links":{"self":[{"href":"https:\/\/der-bussard.de\/fr\/wp-json\/wp\/v2\/pages\/89","targetHints":{"allow":["GET"]}}],"collection":[{"href":"https:\/\/der-bussard.de\/fr\/wp-json\/wp\/v2\/pages"}],"about":[{"href":"https:\/\/der-bussard.de\/fr\/wp-json\/wp\/v2\/types\/page"}],"author":[{"embeddable":true,"href":"https:\/\/der-bussard.de\/fr\/wp-json\/wp\/v2\/users\/1"}],"replies":[{"embeddable":true,"href":"https:\/\/der-bussard.de\/fr\/wp-json\/wp\/v2\/comments?post=89"}],"version-history":[{"count":3,"href":"https:\/\/der-bussard.de\/fr\/wp-json\/wp\/v2\/pages\/89\/revisions"}],"predecessor-version":[{"id":641,"href":"https:\/\/der-bussard.de\/fr\/wp-json\/wp\/v2\/pages\/89\/revisions\/641"}],"wp:featuredmedia":[{"embeddable":true,"href":"https:\/\/der-bussard.de\/fr\/wp-json\/wp\/v2\/media\/309"}],"wp:attachment":[{"href":"https:\/\/der-bussard.de\/fr\/wp-json\/wp\/v2\/media?parent=89"}],"curies":[{"name":"wp","href":"https:\/\/api.w.org\/{rel}","templated":true}]}}