{"id":75,"date":"2021-09-14T16:47:13","date_gmt":"2021-09-14T14:47:13","guid":{"rendered":"https:\/\/der-bussard.de\/fr\/?page_id=75"},"modified":"2023-08-06T13:15:44","modified_gmt":"2023-08-06T11:15:44","slug":"page-daccueil-elementor","status":"publish","type":"page","link":"https:\/\/der-bussard.de\/fr\/","title":{"rendered":"L&rsquo;oasis de la culture"},"content":{"rendered":"\t\t<div data-elementor-type=\"wp-page\" data-elementor-id=\"75\" class=\"elementor elementor-75\">\n\t\t\t\t\t\t<section class=\"elementor-section elementor-top-section elementor-element elementor-element-0a4febf elementor-section-boxed elementor-section-height-default elementor-section-height-default\" data-id=\"0a4febf\" data-element_type=\"section\" data-e-type=\"section\">\n\t\t\t\t\t\t<div class=\"elementor-container elementor-column-gap-default\">\n\t\t\t\t\t<div class=\"elementor-column elementor-col-100 elementor-top-column elementor-element elementor-element-2262791\" data-id=\"2262791\" data-element_type=\"column\" data-e-type=\"column\">\n\t\t\t<div class=\"elementor-widget-wrap elementor-element-populated\">\n\t\t\t\t\t\t<div class=\"elementor-element elementor-element-320f461 elementor-widget__width-inherit animated-slow elementor-invisible elementor-widget elementor-widget-wp-widget-custom_html\" data-id=\"320f461\" data-element_type=\"widget\" data-e-type=\"widget\" data-settings=\"{&quot;_animation&quot;:&quot;lightSpeedIn&quot;,&quot;_animation_delay&quot;:500}\" data-widget_type=\"wp-widget-custom_html.default\">\n\t\t\t\t<div class=\"elementor-widget-container\">\n\t\t\t\t\t<div class=\"textwidget custom-html-widget\">\r\n<h4 class=\"has-text-align-center wp-block-heading\">Une s\u00e9lection d'articles de <em>Bussard<\/em> est disponible en fran\u00e7ais. Tous les autres articles sont disponibles en allemand et en anglais.<\/h4>\r\n\r\n<\/div>\t\t\t\t<\/div>\n\t\t\t\t<\/div>\n\t\t\t\t\t<\/div>\n\t\t<\/div>\n\t\t\t\t\t<\/div>\n\t\t<\/section>\n\t\t\t\t<section class=\"elementor-section elementor-top-section elementor-element elementor-element-66a4f84 elementor-section-boxed elementor-section-height-default elementor-section-height-default\" data-id=\"66a4f84\" data-element_type=\"section\" data-e-type=\"section\">\n\t\t\t\t\t\t<div class=\"elementor-container elementor-column-gap-default\">\n\t\t\t\t\t<div class=\"elementor-column elementor-col-50 elementor-top-column elementor-element elementor-element-37e35e1 elementor-invisible\" data-id=\"37e35e1\" data-element_type=\"column\" data-e-type=\"column\" data-settings=\"{&quot;animation&quot;:&quot;fadeInLeft&quot;,&quot;animation_delay&quot;:1000}\">\n\t\t\t<div class=\"elementor-widget-wrap elementor-element-populated\">\n\t\t\t\t\t\t<div class=\"elementor-element elementor-element-8011df2 elementor-align-right elementor-widget elementor-widget-button\" data-id=\"8011df2\" data-element_type=\"widget\" data-e-type=\"widget\" data-widget_type=\"button.default\">\n\t\t\t\t<div class=\"elementor-widget-container\">\n\t\t\t\t\t\t\t\t\t<div class=\"elementor-button-wrapper\">\n\t\t\t\t\t<a class=\"elementor-button elementor-button-link elementor-size-lg\" href=\"https:\/\/der-bussard.de\/en\">\n\t\t\t\t\t\t<span class=\"elementor-button-content-wrapper\">\n\t\t\t\t\t\t\t\t\t<span class=\"elementor-button-text\">Version anglaise<\/span>\n\t\t\t\t\t<\/span>\n\t\t\t\t\t<\/a>\n\t\t\t\t<\/div>\n\t\t\t\t\t\t\t\t<\/div>\n\t\t\t\t<\/div>\n\t\t\t\t\t<\/div>\n\t\t<\/div>\n\t\t\t\t<div class=\"elementor-column elementor-col-50 elementor-top-column elementor-element elementor-element-a50124c elementor-invisible\" data-id=\"a50124c\" data-element_type=\"column\" data-e-type=\"column\" data-settings=\"{&quot;animation&quot;:&quot;fadeInRight&quot;,&quot;animation_delay&quot;:1000}\">\n\t\t\t<div class=\"elementor-widget-wrap elementor-element-populated\">\n\t\t\t\t\t\t<div class=\"elementor-element elementor-element-614c399 elementor-align-left elementor-widget elementor-widget-button\" data-id=\"614c399\" data-element_type=\"widget\" data-e-type=\"widget\" data-widget_type=\"button.default\">\n\t\t\t\t<div class=\"elementor-widget-container\">\n\t\t\t\t\t\t\t\t\t<div class=\"elementor-button-wrapper\">\n\t\t\t\t\t<a class=\"elementor-button elementor-button-link elementor-size-lg\" href=\"https:\/\/der-bussard.de\">\n\t\t\t\t\t\t<span class=\"elementor-button-content-wrapper\">\n\t\t\t\t\t\t\t\t\t<span class=\"elementor-button-text\">Version allemande<\/span>\n\t\t\t\t\t<\/span>\n\t\t\t\t\t<\/a>\n\t\t\t\t<\/div>\n\t\t\t\t\t\t\t\t<\/div>\n\t\t\t\t<\/div>\n\t\t\t\t\t<\/div>\n\t\t<\/div>\n\t\t\t\t\t<\/div>\n\t\t<\/section>\n\t\t\t\t<section class=\"elementor-section elementor-top-section elementor-element elementor-element-5397ae3 elementor-section-boxed elementor-section-height-default elementor-section-height-default\" data-id=\"5397ae3\" data-element_type=\"section\" data-e-type=\"section\">\n\t\t\t\t\t\t<div class=\"elementor-container elementor-column-gap-default\">\n\t\t\t\t\t<div class=\"elementor-column elementor-col-100 elementor-top-column elementor-element elementor-element-13c3279\" data-id=\"13c3279\" data-element_type=\"column\" data-e-type=\"column\">\n\t\t\t<div class=\"elementor-widget-wrap elementor-element-populated\">\n\t\t\t\t\t\t<div class=\"elementor-element elementor-element-a2a9940 animated-slow elementor-widget-divider--view-line elementor-invisible elementor-widget elementor-widget-divider\" data-id=\"a2a9940\" data-element_type=\"widget\" data-e-type=\"widget\" data-settings=\"{&quot;_animation&quot;:&quot;fadeInDown&quot;}\" data-widget_type=\"divider.default\">\n\t\t\t\t<div class=\"elementor-widget-container\">\n\t\t\t\t\t\t\t<div class=\"elementor-divider\">\n\t\t\t<span class=\"elementor-divider-separator\">\n\t\t\t\t\t\t<\/span>\n\t\t<\/div>\n\t\t\t\t\t\t<\/div>\n\t\t\t\t<\/div>\n\t\t\t\t\t<\/div>\n\t\t<\/div>\n\t\t\t\t\t<\/div>\n\t\t<\/section>\n\t\t\t\t<section class=\"elementor-section elementor-top-section elementor-element elementor-element-4d759b1 elementor-section-boxed elementor-section-height-default elementor-section-height-default\" data-id=\"4d759b1\" data-element_type=\"section\" data-e-type=\"section\">\n\t\t\t\t\t\t<div class=\"elementor-container elementor-column-gap-default\">\n\t\t\t\t\t<div class=\"elementor-column elementor-col-100 elementor-top-column elementor-element elementor-element-f60cacb\" data-id=\"f60cacb\" data-element_type=\"column\" data-e-type=\"column\">\n\t\t\t<div class=\"elementor-widget-wrap elementor-element-populated\">\n\t\t\t\t\t\t<div class=\"elementor-element elementor-element-f449307 animated-slow elementor-invisible elementor-widget elementor-widget-wp-widget-custom_html\" data-id=\"f449307\" data-element_type=\"widget\" data-e-type=\"widget\" data-settings=\"{&quot;_animation&quot;:&quot;zoomIn&quot;}\" data-widget_type=\"wp-widget-custom_html.default\">\n\t\t\t\t<div class=\"elementor-widget-container\">\n\t\t\t\t\t<div class=\"textwidget custom-html-widget\">\r\n<div class=\"wp-block-cover alignfull is-light\" style=\"min-height:800px;aspect-ratio:unset;\"><span aria-hidden=\"true\" class=\"wp-block-cover__gradient-background has-background-dim\"><\/span><img fetchpriority=\"high\" decoding=\"async\" width=\"2560\" height=\"1700\" class=\"wp-block-cover__image-background wp-image-309\" alt=\"\" src=\"https:\/\/der-bussard.de\/fr\/wp-content\/uploads\/sites\/3\/2022\/04\/CSC_0870-scaled.jpg\" style=\"object-position:51% 51%\" data-object-fit=\"cover\" data-object-position=\"51% 51%\" srcset=\"https:\/\/der-bussard.de\/fr\/wp-content\/uploads\/sites\/3\/2022\/04\/CSC_0870-scaled.jpg 2560w, https:\/\/der-bussard.de\/fr\/wp-content\/uploads\/sites\/3\/2022\/04\/CSC_0870-300x199.jpg 300w, https:\/\/der-bussard.de\/fr\/wp-content\/uploads\/sites\/3\/2022\/04\/CSC_0870-1024x680.jpg 1024w, https:\/\/der-bussard.de\/fr\/wp-content\/uploads\/sites\/3\/2022\/04\/CSC_0870-768x510.jpg 768w, https:\/\/der-bussard.de\/fr\/wp-content\/uploads\/sites\/3\/2022\/04\/CSC_0870-1536x1020.jpg 1536w, https:\/\/der-bussard.de\/fr\/wp-content\/uploads\/sites\/3\/2022\/04\/CSC_0870-2048x1360.jpg 2048w\" sizes=\"(max-width: 2560px) 100vw, 2560px\" \/><div class=\"wp-block-cover__inner-container is-layout-flow wp-block-cover-is-layout-flow\">\r\n<h1 class=\"alignwide has-text-align-center has-text-color wp-block-heading\" style=\"color:#ffffff;font-size:70px\"><strong>Bienvenue<\/strong> chez la version fran\u00e7aise de <\/h1>\r\n\r\n\r\n\r\n<h1 class=\"alignwide has-text-align-center has-text-color wp-block-heading\" style=\"color:#ffffff;font-size:70px\"><em>Bussard<\/em>.<\/h1>\r\n\r\n\r\n\r\n<div class=\"wp-block-columns alignwide is-layout-flex wp-container-core-columns-is-layout-9d6595d7 wp-block-columns-is-layout-flex\">\r\n<div class=\"wp-block-column is-layout-flow wp-block-column-is-layout-flow\" style=\"flex-basis:55%\">\r\n<p class=\"has-drop-cap has-text-align-left has-text-color\" style=\"color:#ffffff;font-size:20px;line-height:1.3\">Vous \u00eates invit\u00e9s \u00e0 lire une s\u00e9lection d'articles de <em>Bussard<\/em> en fran\u00e7ais.<\/p>\r\n\r\n\r\n\r\n<p class=\"has-text-align-left has-text-color\" style=\"color:#ffffff;font-size:20px;line-height:1.3\">Principalement, ce sont des articles qui traitent des aspects de la culture fran\u00e7aise.<\/p>\r\n\r\n\r\n\r\n<p class=\"has-text-align-left has-text-color\" style=\"color:#ffffff;font-size:20px;line-height:1.3\">Si un article n'est pas disponible en fran\u00e7ais, il est possible de le lire en anglais ou en allemand.<\/p>\r\n<\/div>\r\n<\/div>\r\n<\/div><\/div>\r\n<\/div>\t\t\t\t<\/div>\n\t\t\t\t<\/div>\n\t\t\t\t\t<\/div>\n\t\t<\/div>\n\t\t\t\t\t<\/div>\n\t\t<\/section>\n\t\t\t\t<section class=\"elementor-section elementor-top-section elementor-element elementor-element-50e375b elementor-section-boxed elementor-section-height-default elementor-section-height-default\" data-id=\"50e375b\" data-element_type=\"section\" data-e-type=\"section\">\n\t\t\t\t\t\t<div class=\"elementor-container elementor-column-gap-default\">\n\t\t\t\t\t<div class=\"elementor-column elementor-col-100 elementor-top-column elementor-element elementor-element-a7e45ea\" data-id=\"a7e45ea\" data-element_type=\"column\" data-e-type=\"column\">\n\t\t\t<div class=\"elementor-widget-wrap elementor-element-populated\">\n\t\t\t\t\t\t<div class=\"elementor-element elementor-element-45c9e33 elementor-widget-divider--view-line elementor-widget elementor-widget-divider\" data-id=\"45c9e33\" data-element_type=\"widget\" data-e-type=\"widget\" data-widget_type=\"divider.default\">\n\t\t\t\t<div class=\"elementor-widget-container\">\n\t\t\t\t\t\t\t<div class=\"elementor-divider\">\n\t\t\t<span class=\"elementor-divider-separator\">\n\t\t\t\t\t\t<\/span>\n\t\t<\/div>\n\t\t\t\t\t\t<\/div>\n\t\t\t\t<\/div>\n\t\t\t\t\t<\/div>\n\t\t<\/div>\n\t\t\t\t\t<\/div>\n\t\t<\/section>\n\t\t\t\t<\/div>\n\t\t","protected":false},"excerpt":{"rendered":"<p>Version anglaise Version allemande<\/p>\n","protected":false},"author":1,"featured_media":0,"parent":0,"menu_order":0,"comment_status":"closed","ping_status":"closed","template":"elementor_header_footer","meta":{"footnotes":""},"class_list":["post-75","page","type-page","status-publish","hentry"],"yoast_head":"<!-- This site is optimized with the Yoast SEO plugin v27.4 - https:\/\/yoast.com\/product\/yoast-seo-wordpress\/ -->\n<title>L&#039;oasis de la culture &#8211; Der Bussard | FR<\/title>\n<meta name=\"description\" content=\"L&#039;oase de la culture.\" \/>\n<meta name=\"robots\" content=\"index, follow, max-snippet:-1, max-image-preview:large, max-video-preview:-1\" \/>\n<link rel=\"canonical\" href=\"https:\/\/der-bussard.de\/fr\/\" \/>\n<meta property=\"og:locale\" content=\"fr_FR\" \/>\n<meta property=\"og:type\" content=\"article\" \/>\n<meta property=\"og:title\" content=\"L&#039;oasis de la culture &#8211; Der Bussard | FR\" \/>\n<meta property=\"og:description\" content=\"L&#039;oase de la culture.\" \/>\n<meta property=\"og:url\" content=\"https:\/\/der-bussard.de\/fr\/\" \/>\n<meta property=\"og:site_name\" content=\"Der Bussard | FR\" \/>\n<meta property=\"article:modified_time\" content=\"2023-08-06T11:15:44+00:00\" \/>\n<meta property=\"og:image\" content=\"https:\/\/der-bussard.de\/fr\/wp-content\/uploads\/sites\/3\/2021\/11\/neueslogo-der-bussard.png\" \/>\n\t<meta property=\"og:image:width\" content=\"2480\" \/>\n\t<meta property=\"og:image:height\" content=\"876\" \/>\n\t<meta property=\"og:image:type\" content=\"image\/png\" \/>\n<meta name=\"twitter:card\" content=\"summary_large_image\" \/>\n<meta name=\"twitter:label1\" content=\"Dur\u00e9e de lecture estim\u00e9e\" \/>\n\t<meta name=\"twitter:data1\" content=\"1 minute\" \/>\n<script type=\"application\/ld+json\" class=\"yoast-schema-graph\">{\"@context\":\"https:\\\/\\\/schema.org\",\"@graph\":[{\"@type\":\"WebPage\",\"@id\":\"https:\\\/\\\/der-bussard.de\\\/fr\\\/\",\"url\":\"https:\\\/\\\/der-bussard.de\\\/fr\\\/\",\"name\":\"L'oasis de la culture &#8211; Der Bussard | FR\",\"isPartOf\":{\"@id\":\"https:\\\/\\\/der-bussard.de\\\/fr\\\/#website\"},\"datePublished\":\"2021-09-14T14:47:13+00:00\",\"dateModified\":\"2023-08-06T11:15:44+00:00\",\"description\":\"L'oase de la culture.\",\"breadcrumb\":{\"@id\":\"https:\\\/\\\/der-bussard.de\\\/fr\\\/#breadcrumb\"},\"inLanguage\":\"fr-FR\",\"potentialAction\":[{\"@type\":\"ReadAction\",\"target\":[\"https:\\\/\\\/der-bussard.de\\\/fr\\\/\"]}]},{\"@type\":\"BreadcrumbList\",\"@id\":\"https:\\\/\\\/der-bussard.de\\\/fr\\\/#breadcrumb\",\"itemListElement\":[{\"@type\":\"ListItem\",\"position\":1,\"name\":\"Page d'accueil\",\"item\":\"https:\\\/\\\/der-bussard.de\\\/fr\\\/\"},{\"@type\":\"ListItem\",\"position\":2,\"name\":\"L&rsquo;oasis de la culture\"}]},{\"@type\":\"WebSite\",\"@id\":\"https:\\\/\\\/der-bussard.de\\\/fr\\\/#website\",\"url\":\"https:\\\/\\\/der-bussard.de\\\/fr\\\/\",\"name\":\"Der Bussard | FR \u2013 L'oasis de la culture\",\"description\":\"L&#039;oasis de la culture\",\"publisher\":{\"@id\":\"https:\\\/\\\/der-bussard.de\\\/fr\\\/#organization\"},\"alternateName\":\"Der Bussard | FR\",\"potentialAction\":[{\"@type\":\"SearchAction\",\"target\":{\"@type\":\"EntryPoint\",\"urlTemplate\":\"https:\\\/\\\/der-bussard.de\\\/fr\\\/?s={search_term_string}\"},\"query-input\":{\"@type\":\"PropertyValueSpecification\",\"valueRequired\":true,\"valueName\":\"search_term_string\"}}],\"inLanguage\":\"fr-FR\"},{\"@type\":\"Organization\",\"@id\":\"https:\\\/\\\/der-bussard.de\\\/fr\\\/#organization\",\"name\":\"Der Bussard | FR \u2013 L'oasis de la culture\",\"url\":\"https:\\\/\\\/der-bussard.de\\\/fr\\\/\",\"logo\":{\"@type\":\"ImageObject\",\"inLanguage\":\"fr-FR\",\"@id\":\"https:\\\/\\\/der-bussard.de\\\/fr\\\/#\\\/schema\\\/logo\\\/image\\\/\",\"url\":\"https:\\\/\\\/der-bussard.de\\\/fr\\\/wp-content\\\/uploads\\\/sites\\\/3\\\/2021\\\/11\\\/neueslogo-der-bussard.png\",\"contentUrl\":\"https:\\\/\\\/der-bussard.de\\\/fr\\\/wp-content\\\/uploads\\\/sites\\\/3\\\/2021\\\/11\\\/neueslogo-der-bussard.png\",\"width\":2480,\"height\":876,\"caption\":\"Der Bussard | FR \u2013 L'oasis de la culture\"},\"image\":{\"@id\":\"https:\\\/\\\/der-bussard.de\\\/fr\\\/#\\\/schema\\\/logo\\\/image\\\/\"}}]}<\/script>\n<!-- \/ Yoast SEO plugin. -->","yoast_head_json":{"title":"L'oasis de la culture &#8211; Der Bussard | FR","description":"L'oase de la culture.","robots":{"index":"index","follow":"follow","max-snippet":"max-snippet:-1","max-image-preview":"max-image-preview:large","max-video-preview":"max-video-preview:-1"},"canonical":"https:\/\/der-bussard.de\/fr\/","og_locale":"fr_FR","og_type":"article","og_title":"L'oasis de la culture &#8211; Der Bussard | FR","og_description":"L'oase de la culture.","og_url":"https:\/\/der-bussard.de\/fr\/","og_site_name":"Der Bussard | FR","article_modified_time":"2023-08-06T11:15:44+00:00","og_image":[{"width":2480,"height":876,"url":"https:\/\/der-bussard.de\/fr\/wp-content\/uploads\/sites\/3\/2021\/11\/neueslogo-der-bussard.png","type":"image\/png"}],"twitter_card":"summary_large_image","twitter_misc":{"Dur\u00e9e de lecture estim\u00e9e":"1 minute"},"schema":{"@context":"https:\/\/schema.org","@graph":[{"@type":"WebPage","@id":"https:\/\/der-bussard.de\/fr\/","url":"https:\/\/der-bussard.de\/fr\/","name":"L'oasis de la culture &#8211; Der Bussard | FR","isPartOf":{"@id":"https:\/\/der-bussard.de\/fr\/#website"},"datePublished":"2021-09-14T14:47:13+00:00","dateModified":"2023-08-06T11:15:44+00:00","description":"L'oase de la culture.","breadcrumb":{"@id":"https:\/\/der-bussard.de\/fr\/#breadcrumb"},"inLanguage":"fr-FR","potentialAction":[{"@type":"ReadAction","target":["https:\/\/der-bussard.de\/fr\/"]}]},{"@type":"BreadcrumbList","@id":"https:\/\/der-bussard.de\/fr\/#breadcrumb","itemListElement":[{"@type":"ListItem","position":1,"name":"Page d'accueil","item":"https:\/\/der-bussard.de\/fr\/"},{"@type":"ListItem","position":2,"name":"L&rsquo;oasis de la culture"}]},{"@type":"WebSite","@id":"https:\/\/der-bussard.de\/fr\/#website","url":"https:\/\/der-bussard.de\/fr\/","name":"Der Bussard | FR \u2013 L'oasis de la culture","description":"L&#039;oasis de la culture","publisher":{"@id":"https:\/\/der-bussard.de\/fr\/#organization"},"alternateName":"Der Bussard | FR","potentialAction":[{"@type":"SearchAction","target":{"@type":"EntryPoint","urlTemplate":"https:\/\/der-bussard.de\/fr\/?s={search_term_string}"},"query-input":{"@type":"PropertyValueSpecification","valueRequired":true,"valueName":"search_term_string"}}],"inLanguage":"fr-FR"},{"@type":"Organization","@id":"https:\/\/der-bussard.de\/fr\/#organization","name":"Der Bussard | FR \u2013 L'oasis de la culture","url":"https:\/\/der-bussard.de\/fr\/","logo":{"@type":"ImageObject","inLanguage":"fr-FR","@id":"https:\/\/der-bussard.de\/fr\/#\/schema\/logo\/image\/","url":"https:\/\/der-bussard.de\/fr\/wp-content\/uploads\/sites\/3\/2021\/11\/neueslogo-der-bussard.png","contentUrl":"https:\/\/der-bussard.de\/fr\/wp-content\/uploads\/sites\/3\/2021\/11\/neueslogo-der-bussard.png","width":2480,"height":876,"caption":"Der Bussard | FR \u2013 L'oasis de la culture"},"image":{"@id":"https:\/\/der-bussard.de\/fr\/#\/schema\/logo\/image\/"}}]}},"_links":{"self":[{"href":"https:\/\/der-bussard.de\/fr\/wp-json\/wp\/v2\/pages\/75","targetHints":{"allow":["GET"]}}],"collection":[{"href":"https:\/\/der-bussard.de\/fr\/wp-json\/wp\/v2\/pages"}],"about":[{"href":"https:\/\/der-bussard.de\/fr\/wp-json\/wp\/v2\/types\/page"}],"author":[{"embeddable":true,"href":"https:\/\/der-bussard.de\/fr\/wp-json\/wp\/v2\/users\/1"}],"replies":[{"embeddable":true,"href":"https:\/\/der-bussard.de\/fr\/wp-json\/wp\/v2\/comments?post=75"}],"version-history":[{"count":66,"href":"https:\/\/der-bussard.de\/fr\/wp-json\/wp\/v2\/pages\/75\/revisions"}],"predecessor-version":[{"id":591,"href":"https:\/\/der-bussard.de\/fr\/wp-json\/wp\/v2\/pages\/75\/revisions\/591"}],"wp:attachment":[{"href":"https:\/\/der-bussard.de\/fr\/wp-json\/wp\/v2\/media?parent=75"}],"curies":[{"name":"wp","href":"https:\/\/api.w.org\/{rel}","templated":true}]}}