{"id":45,"date":"2021-09-14T15:43:18","date_gmt":"2021-09-14T13:43:18","guid":{"rendered":"https:\/\/der-bussard.de\/fr\/?page_id=45"},"modified":"2021-09-18T12:11:33","modified_gmt":"2021-09-18T10:11:33","slug":"start","status":"publish","type":"page","link":"https:\/\/der-bussard.de\/fr\/start\/","title":{"rendered":"Page d&rsquo;accueil \/ ancien"},"content":{"rendered":"\n<div class=\"wp-block-cover alignfull has-background-dim\" style=\"min-height:800px;aspect-ratio:unset;\"><img fetchpriority=\"high\" decoding=\"async\" width=\"2560\" height=\"1920\" class=\"wp-block-cover__image-background wp-image-38\" alt=\"\" src=\"https:\/\/der-bussard.de\/fr\/wp-content\/uploads\/sites\/3\/2021\/09\/schallplatte-foto-simonvonludwig-komprimiert-1-scaled.jpeg\" data-object-fit=\"cover\" srcset=\"https:\/\/der-bussard.de\/fr\/wp-content\/uploads\/sites\/3\/2021\/09\/schallplatte-foto-simonvonludwig-komprimiert-1-scaled.jpeg 2560w, https:\/\/der-bussard.de\/fr\/wp-content\/uploads\/sites\/3\/2021\/09\/schallplatte-foto-simonvonludwig-komprimiert-1-300x225.jpeg 300w, https:\/\/der-bussard.de\/fr\/wp-content\/uploads\/sites\/3\/2021\/09\/schallplatte-foto-simonvonludwig-komprimiert-1-1024x768.jpeg 1024w, https:\/\/der-bussard.de\/fr\/wp-content\/uploads\/sites\/3\/2021\/09\/schallplatte-foto-simonvonludwig-komprimiert-1-768x576.jpeg 768w, https:\/\/der-bussard.de\/fr\/wp-content\/uploads\/sites\/3\/2021\/09\/schallplatte-foto-simonvonludwig-komprimiert-1-1536x1152.jpeg 1536w, https:\/\/der-bussard.de\/fr\/wp-content\/uploads\/sites\/3\/2021\/09\/schallplatte-foto-simonvonludwig-komprimiert-1-2048x1536.jpeg 2048w\" sizes=\"(max-width: 2560px) 100vw, 2560px\" \/><div class=\"wp-block-cover__inner-container is-layout-flow wp-block-cover-is-layout-flow\">\n<h1 class=\"alignwide has-text-align-center has-text-color wp-block-heading\" style=\"color:#ffffff;font-size:70px\"><strong>Bienvenue<\/strong> chez la version fran\u00e7aise de <\/h1>\n\n\n\n<h1 class=\"alignwide has-text-align-center has-text-color wp-block-heading\" style=\"color:#ffffff;font-size:70px\"><em>Bussard<\/em>.<\/h1>\n\n\n\n<div class=\"wp-block-columns alignwide is-layout-flex wp-container-core-columns-is-layout-9d6595d7 wp-block-columns-is-layout-flex\">\n<div class=\"wp-block-column is-layout-flow wp-block-column-is-layout-flow\" style=\"flex-basis:55%\">\n<p class=\"has-drop-cap has-text-align-left has-text-color\" style=\"color:#ffffff;font-size:20px;line-height:1.3\">Vous \u00eates invit\u00e9s \u00e0 lire une s\u00e9lection d&rsquo;articles de <em>Bussard<\/em> en fran\u00e7ais.<\/p>\n\n\n\n<p class=\"has-text-align-left has-text-color\" style=\"color:#ffffff;font-size:20px;line-height:1.3\">Principalement, ce sont des articles qui traitent des aspects de la culture fran\u00e7aise.<\/p>\n\n\n\n<p class=\"has-text-align-left has-text-color\" style=\"color:#ffffff;font-size:20px;line-height:1.3\">Si un article n&rsquo;est pas disponible en fran\u00e7ais, il est possible de le lire en anglais ou en allemand.<\/p>\n\n\n\n<p>Actuellement, beaucoup des traductions sont en pr\u00e9paration.<br>Bient\u00f4t, vous pourrez lire ce qui suit en fran\u00e7ais :<\/p>\n\n\n\n<ul class=\"wp-block-list\"><li><strong>Dalida: L&rsquo;orchid\u00e9e noire de la chanson (S\u00e9rie d&rsquo;articles)<\/strong><\/li><li>Jean Gabin et Marlene Dietrich &#8211; Une relation marqu\u00e9e par la guerre (deux parties)<\/li><li>Champagne &#8211; Evolution du vin diabolique au vin noble<\/li><\/ul>\n<\/div>\n\n\n\n<div class=\"wp-block-column is-layout-flow wp-block-column-is-layout-flow\">\n<div class=\"wp-block-buttons is-layout-flex wp-block-buttons-is-layout-flex\"><\/div>\n<\/div>\n<\/div>\n\n\n\n<div class=\"wp-block-buttons is-content-justification-center is-layout-flex wp-block-buttons-is-layout-flex\">\n<div class=\"wp-block-button\"><a class=\"wp-block-button__link has-text-color has-background\" href=\"https:\/\/der-bussard.de\/en\" style=\"border-radius:13px;background-color:#f89736;color:#000000\" target=\"_blank\" rel=\"noreferrer noopener\">Version anglaise<\/a><\/div>\n\n\n\n<div class=\"wp-block-button\"><a class=\"wp-block-button__link has-text-color has-background\" href=\"https:\/\/der-bussard.de\" style=\"border-radius:13px;background-color:#f89736;color:#000000\" target=\"_blank\" rel=\"noreferrer noopener\">Version allemande<\/a><\/div>\n<\/div>\n<\/div><\/div>\n\n\n\n<p><\/p>\n","protected":false},"excerpt":{"rendered":"","protected":false},"author":1,"featured_media":0,"parent":0,"menu_order":0,"comment_status":"closed","ping_status":"closed","template":"elementor_header_footer","meta":{"footnotes":""},"class_list":["post-45","page","type-page","status-publish","hentry"],"yoast_head":"<!-- This site is optimized with the Yoast SEO plugin v27.3 - https:\/\/yoast.com\/product\/yoast-seo-wordpress\/ -->\n<title>Page d&#039;accueil \/ ancien &#8211; Der Bussard | FR<\/title>\n<meta name=\"robots\" content=\"index, follow, max-snippet:-1, max-image-preview:large, max-video-preview:-1\" \/>\n<link rel=\"canonical\" href=\"https:\/\/der-bussard.de\/fr\/start\/\" \/>\n<meta property=\"og:locale\" content=\"fr_FR\" \/>\n<meta property=\"og:type\" content=\"article\" \/>\n<meta property=\"og:title\" content=\"Page d&#039;accueil \/ ancien &#8211; Der Bussard | FR\" \/>\n<meta property=\"og:url\" content=\"https:\/\/der-bussard.de\/fr\/start\/\" \/>\n<meta property=\"og:site_name\" content=\"Der Bussard | FR\" \/>\n<meta property=\"article:modified_time\" content=\"2021-09-18T10:11:33+00:00\" \/>\n<meta property=\"og:image\" content=\"https:\/\/der-bussard.de\/fr\/wp-content\/uploads\/sites\/3\/2021\/09\/schallplatte-foto-simonvonludwig-komprimiert-1-scaled.jpeg\" \/>\n<meta name=\"twitter:card\" content=\"summary_large_image\" \/>\n<meta name=\"twitter:label1\" content=\"Dur\u00e9e de lecture estim\u00e9e\" \/>\n\t<meta name=\"twitter:data1\" content=\"1 minute\" \/>\n<script type=\"application\/ld+json\" class=\"yoast-schema-graph\">{\"@context\":\"https:\\\/\\\/schema.org\",\"@graph\":[{\"@type\":\"WebPage\",\"@id\":\"https:\\\/\\\/der-bussard.de\\\/fr\\\/start\\\/\",\"url\":\"https:\\\/\\\/der-bussard.de\\\/fr\\\/start\\\/\",\"name\":\"Page d'accueil \\\/ ancien &#8211; Der Bussard | FR\",\"isPartOf\":{\"@id\":\"https:\\\/\\\/der-bussard.de\\\/fr\\\/#website\"},\"primaryImageOfPage\":{\"@id\":\"https:\\\/\\\/der-bussard.de\\\/fr\\\/start\\\/#primaryimage\"},\"image\":{\"@id\":\"https:\\\/\\\/der-bussard.de\\\/fr\\\/start\\\/#primaryimage\"},\"thumbnailUrl\":\"https:\\\/\\\/der-bussard.de\\\/fr\\\/wp-content\\\/uploads\\\/sites\\\/3\\\/2021\\\/09\\\/schallplatte-foto-simonvonludwig-komprimiert-1-scaled.jpeg\",\"datePublished\":\"2021-09-14T13:43:18+00:00\",\"dateModified\":\"2021-09-18T10:11:33+00:00\",\"breadcrumb\":{\"@id\":\"https:\\\/\\\/der-bussard.de\\\/fr\\\/start\\\/#breadcrumb\"},\"inLanguage\":\"fr-FR\",\"potentialAction\":[{\"@type\":\"ReadAction\",\"target\":[\"https:\\\/\\\/der-bussard.de\\\/fr\\\/start\\\/\"]}]},{\"@type\":\"ImageObject\",\"inLanguage\":\"fr-FR\",\"@id\":\"https:\\\/\\\/der-bussard.de\\\/fr\\\/start\\\/#primaryimage\",\"url\":\"https:\\\/\\\/der-bussard.de\\\/fr\\\/wp-content\\\/uploads\\\/sites\\\/3\\\/2021\\\/09\\\/schallplatte-foto-simonvonludwig-komprimiert-1-scaled.jpeg\",\"contentUrl\":\"https:\\\/\\\/der-bussard.de\\\/fr\\\/wp-content\\\/uploads\\\/sites\\\/3\\\/2021\\\/09\\\/schallplatte-foto-simonvonludwig-komprimiert-1-scaled.jpeg\",\"width\":2560,\"height\":1920},{\"@type\":\"BreadcrumbList\",\"@id\":\"https:\\\/\\\/der-bussard.de\\\/fr\\\/start\\\/#breadcrumb\",\"itemListElement\":[{\"@type\":\"ListItem\",\"position\":1,\"name\":\"Page d'accueil\",\"item\":\"https:\\\/\\\/der-bussard.de\\\/fr\\\/\"},{\"@type\":\"ListItem\",\"position\":2,\"name\":\"Page d&rsquo;accueil \\\/ ancien\"}]},{\"@type\":\"WebSite\",\"@id\":\"https:\\\/\\\/der-bussard.de\\\/fr\\\/#website\",\"url\":\"https:\\\/\\\/der-bussard.de\\\/fr\\\/\",\"name\":\"Der Bussard | FR \u2013 L'oasis de la culture\",\"description\":\"L&#039;oasis de la culture\",\"publisher\":{\"@id\":\"https:\\\/\\\/der-bussard.de\\\/fr\\\/#organization\"},\"alternateName\":\"Der Bussard | FR\",\"potentialAction\":[{\"@type\":\"SearchAction\",\"target\":{\"@type\":\"EntryPoint\",\"urlTemplate\":\"https:\\\/\\\/der-bussard.de\\\/fr\\\/?s={search_term_string}\"},\"query-input\":{\"@type\":\"PropertyValueSpecification\",\"valueRequired\":true,\"valueName\":\"search_term_string\"}}],\"inLanguage\":\"fr-FR\"},{\"@type\":\"Organization\",\"@id\":\"https:\\\/\\\/der-bussard.de\\\/fr\\\/#organization\",\"name\":\"Der Bussard | FR \u2013 L'oasis de la culture\",\"url\":\"https:\\\/\\\/der-bussard.de\\\/fr\\\/\",\"logo\":{\"@type\":\"ImageObject\",\"inLanguage\":\"fr-FR\",\"@id\":\"https:\\\/\\\/der-bussard.de\\\/fr\\\/#\\\/schema\\\/logo\\\/image\\\/\",\"url\":\"https:\\\/\\\/der-bussard.de\\\/fr\\\/wp-content\\\/uploads\\\/sites\\\/3\\\/2021\\\/11\\\/neueslogo-der-bussard.png\",\"contentUrl\":\"https:\\\/\\\/der-bussard.de\\\/fr\\\/wp-content\\\/uploads\\\/sites\\\/3\\\/2021\\\/11\\\/neueslogo-der-bussard.png\",\"width\":2480,\"height\":876,\"caption\":\"Der Bussard | FR \u2013 L'oasis de la culture\"},\"image\":{\"@id\":\"https:\\\/\\\/der-bussard.de\\\/fr\\\/#\\\/schema\\\/logo\\\/image\\\/\"}}]}<\/script>\n<!-- \/ Yoast SEO plugin. -->","yoast_head_json":{"title":"Page d'accueil \/ ancien &#8211; Der Bussard | FR","robots":{"index":"index","follow":"follow","max-snippet":"max-snippet:-1","max-image-preview":"max-image-preview:large","max-video-preview":"max-video-preview:-1"},"canonical":"https:\/\/der-bussard.de\/fr\/start\/","og_locale":"fr_FR","og_type":"article","og_title":"Page d'accueil \/ ancien &#8211; Der Bussard | FR","og_url":"https:\/\/der-bussard.de\/fr\/start\/","og_site_name":"Der Bussard | FR","article_modified_time":"2021-09-18T10:11:33+00:00","og_image":[{"url":"https:\/\/der-bussard.de\/fr\/wp-content\/uploads\/sites\/3\/2021\/09\/schallplatte-foto-simonvonludwig-komprimiert-1-scaled.jpeg","type":"","width":"","height":""}],"twitter_card":"summary_large_image","twitter_misc":{"Dur\u00e9e de lecture estim\u00e9e":"1 minute"},"schema":{"@context":"https:\/\/schema.org","@graph":[{"@type":"WebPage","@id":"https:\/\/der-bussard.de\/fr\/start\/","url":"https:\/\/der-bussard.de\/fr\/start\/","name":"Page d'accueil \/ ancien &#8211; Der Bussard | FR","isPartOf":{"@id":"https:\/\/der-bussard.de\/fr\/#website"},"primaryImageOfPage":{"@id":"https:\/\/der-bussard.de\/fr\/start\/#primaryimage"},"image":{"@id":"https:\/\/der-bussard.de\/fr\/start\/#primaryimage"},"thumbnailUrl":"https:\/\/der-bussard.de\/fr\/wp-content\/uploads\/sites\/3\/2021\/09\/schallplatte-foto-simonvonludwig-komprimiert-1-scaled.jpeg","datePublished":"2021-09-14T13:43:18+00:00","dateModified":"2021-09-18T10:11:33+00:00","breadcrumb":{"@id":"https:\/\/der-bussard.de\/fr\/start\/#breadcrumb"},"inLanguage":"fr-FR","potentialAction":[{"@type":"ReadAction","target":["https:\/\/der-bussard.de\/fr\/start\/"]}]},{"@type":"ImageObject","inLanguage":"fr-FR","@id":"https:\/\/der-bussard.de\/fr\/start\/#primaryimage","url":"https:\/\/der-bussard.de\/fr\/wp-content\/uploads\/sites\/3\/2021\/09\/schallplatte-foto-simonvonludwig-komprimiert-1-scaled.jpeg","contentUrl":"https:\/\/der-bussard.de\/fr\/wp-content\/uploads\/sites\/3\/2021\/09\/schallplatte-foto-simonvonludwig-komprimiert-1-scaled.jpeg","width":2560,"height":1920},{"@type":"BreadcrumbList","@id":"https:\/\/der-bussard.de\/fr\/start\/#breadcrumb","itemListElement":[{"@type":"ListItem","position":1,"name":"Page d'accueil","item":"https:\/\/der-bussard.de\/fr\/"},{"@type":"ListItem","position":2,"name":"Page d&rsquo;accueil \/ ancien"}]},{"@type":"WebSite","@id":"https:\/\/der-bussard.de\/fr\/#website","url":"https:\/\/der-bussard.de\/fr\/","name":"Der Bussard | FR \u2013 L'oasis de la culture","description":"L&#039;oasis de la culture","publisher":{"@id":"https:\/\/der-bussard.de\/fr\/#organization"},"alternateName":"Der Bussard | FR","potentialAction":[{"@type":"SearchAction","target":{"@type":"EntryPoint","urlTemplate":"https:\/\/der-bussard.de\/fr\/?s={search_term_string}"},"query-input":{"@type":"PropertyValueSpecification","valueRequired":true,"valueName":"search_term_string"}}],"inLanguage":"fr-FR"},{"@type":"Organization","@id":"https:\/\/der-bussard.de\/fr\/#organization","name":"Der Bussard | FR \u2013 L'oasis de la culture","url":"https:\/\/der-bussard.de\/fr\/","logo":{"@type":"ImageObject","inLanguage":"fr-FR","@id":"https:\/\/der-bussard.de\/fr\/#\/schema\/logo\/image\/","url":"https:\/\/der-bussard.de\/fr\/wp-content\/uploads\/sites\/3\/2021\/11\/neueslogo-der-bussard.png","contentUrl":"https:\/\/der-bussard.de\/fr\/wp-content\/uploads\/sites\/3\/2021\/11\/neueslogo-der-bussard.png","width":2480,"height":876,"caption":"Der Bussard | FR \u2013 L'oasis de la culture"},"image":{"@id":"https:\/\/der-bussard.de\/fr\/#\/schema\/logo\/image\/"}}]}},"_links":{"self":[{"href":"https:\/\/der-bussard.de\/fr\/wp-json\/wp\/v2\/pages\/45","targetHints":{"allow":["GET"]}}],"collection":[{"href":"https:\/\/der-bussard.de\/fr\/wp-json\/wp\/v2\/pages"}],"about":[{"href":"https:\/\/der-bussard.de\/fr\/wp-json\/wp\/v2\/types\/page"}],"author":[{"embeddable":true,"href":"https:\/\/der-bussard.de\/fr\/wp-json\/wp\/v2\/users\/1"}],"replies":[{"embeddable":true,"href":"https:\/\/der-bussard.de\/fr\/wp-json\/wp\/v2\/comments?post=45"}],"version-history":[{"count":23,"href":"https:\/\/der-bussard.de\/fr\/wp-json\/wp\/v2\/pages\/45\/revisions"}],"predecessor-version":[{"id":178,"href":"https:\/\/der-bussard.de\/fr\/wp-json\/wp\/v2\/pages\/45\/revisions\/178"}],"wp:attachment":[{"href":"https:\/\/der-bussard.de\/fr\/wp-json\/wp\/v2\/media?parent=45"}],"curies":[{"name":"wp","href":"https:\/\/api.w.org\/{rel}","templated":true}]}}